{"id":8,"date":"2016-04-11T22:25:09","date_gmt":"2016-04-11T22:25:09","guid":{"rendered":"http:\/\/controlparts.pt\/cms\/sample-page-copy\/"},"modified":"2016-07-07T22:53:04","modified_gmt":"2016-07-07T22:53:04","slug":"quem-somos","status":"publish","type":"page","link":"https:\/\/controlparts.pt\/cms\/quem-somos\/","title":{"rendered":"Quem somos"},"content":{"rendered":"<div class=\"su-row\"><div class=\"su-column su-column-size-1-3\"><div class=\"su-column-inner su-u-clearfix su-u-trim\"><img decoding=\"async\" loading=\"lazy\" class=\"alignnone size-full wp-image-5\" src=\"http:\/\/controlparts.pt\/cms\/wp-content\/uploads\/2016\/02\/logo_80.png\" alt=\"logo_80\" width=\"237\" height=\"80\" \/><\/div><\/div>\n<div class=\"su-column su-column-size-2-3\"><div class=\"su-column-inner su-u-clearfix su-u-trim\">\n<p>A Control Parts foi criada em 2012 e tem como objetivo social a importa\u00e7\u00e3o e com\u00e9rcio de pe\u00e7as e acess\u00f3rios auto.<\/p>\n<p>A empresa est\u00e1 sediada em Tomar e foi fundada por dois antigos colegas de trabalho, o Sr. Filipe Adri\u00e3o e o Sr. Pedro Jogo. Vemos a inova\u00e7\u00e3o como um dos pilares chave da nossa sustentabilidade a longo prazo e continuaremos empenhados na explora\u00e7\u00e3o de novos produtos tendo sempre em mente as necessidades dos clientes.<\/p>\n<\/div><\/div><\/div>\n","protected":false},"excerpt":{"rendered":"","protected":false},"author":1,"featured_media":0,"parent":0,"menu_order":0,"comment_status":"closed","ping_status":"open","template":"page-full-width.php","meta":[],"_links":{"self":[{"href":"https:\/\/controlparts.pt\/cms\/wp-json\/wp\/v2\/pages\/8"}],"collection":[{"href":"https:\/\/controlparts.pt\/cms\/wp-json\/wp\/v2\/pages"}],"about":[{"href":"https:\/\/controlparts.pt\/cms\/wp-json\/wp\/v2\/types\/page"}],"author":[{"embeddable":true,"href":"https:\/\/controlparts.pt\/cms\/wp-json\/wp\/v2\/users\/1"}],"replies":[{"embeddable":true,"href":"https:\/\/controlparts.pt\/cms\/wp-json\/wp\/v2\/comments?post=8"}],"version-history":[{"count":9,"href":"https:\/\/controlparts.pt\/cms\/wp-json\/wp\/v2\/pages\/8\/revisions"}],"predecessor-version":[{"id":92,"href":"https:\/\/controlparts.pt\/cms\/wp-json\/wp\/v2\/pages\/8\/revisions\/92"}],"wp:attachment":[{"href":"https:\/\/controlparts.pt\/cms\/wp-json\/wp\/v2\/media?parent=8"}],"curies":[{"name":"wp","href":"https:\/\/api.w.org\/{rel}","templated":true}]}}