{"id":95,"date":"2016-07-07T22:05:22","date_gmt":"2016-07-07T22:05:22","guid":{"rendered":"http:\/\/controlparts.pt\/cms\/quem-somos-copy\/"},"modified":"2016-07-07T22:52:30","modified_gmt":"2016-07-07T22:52:30","slug":"promocoes","status":"publish","type":"page","link":"https:\/\/controlparts.pt\/cms\/promocoes\/","title":{"rendered":"Promo\u00e7\u00f5es"},"content":{"rendered":"<div class=\"su-row\"><div class=\"su-column su-column-size-1-3\"><div class=\"su-column-inner su-u-clearfix su-u-trim\"><img decoding=\"async\" loading=\"lazy\" class=\"alignnone size-full wp-image-5\" src=\"http:\/\/controlparts.pt\/cms\/wp-content\/uploads\/2016\/02\/logo_80.png\" alt=\"logo_80\" width=\"237\" height=\"80\" \/><\/div><\/div>\n<div class=\"su-column su-column-size-2-3\"><div class=\"su-column-inner su-u-clearfix su-u-trim\">\n<p>P\u00e1gina em atualiza\u00e7\u00e3o, por favor volte em breve.<\/p>\n<\/div><\/div><\/div>\n","protected":false},"excerpt":{"rendered":"","protected":false},"author":1,"featured_media":0,"parent":0,"menu_order":0,"comment_status":"closed","ping_status":"open","template":"page-full-width.php","meta":[],"_links":{"self":[{"href":"https:\/\/controlparts.pt\/cms\/wp-json\/wp\/v2\/pages\/95"}],"collection":[{"href":"https:\/\/controlparts.pt\/cms\/wp-json\/wp\/v2\/pages"}],"about":[{"href":"https:\/\/controlparts.pt\/cms\/wp-json\/wp\/v2\/types\/page"}],"author":[{"embeddable":true,"href":"https:\/\/controlparts.pt\/cms\/wp-json\/wp\/v2\/users\/1"}],"replies":[{"embeddable":true,"href":"https:\/\/controlparts.pt\/cms\/wp-json\/wp\/v2\/comments?post=95"}],"version-history":[{"count":1,"href":"https:\/\/controlparts.pt\/cms\/wp-json\/wp\/v2\/pages\/95\/revisions"}],"predecessor-version":[{"id":96,"href":"https:\/\/controlparts.pt\/cms\/wp-json\/wp\/v2\/pages\/95\/revisions\/96"}],"wp:attachment":[{"href":"https:\/\/controlparts.pt\/cms\/wp-json\/wp\/v2\/media?parent=95"}],"curies":[{"name":"wp","href":"https:\/\/api.w.org\/{rel}","templated":true}]}}